{"id":10261,"date":"2020-01-03T09:19:58","date_gmt":"2020-01-03T07:19:58","guid":{"rendered":"https:\/\/alone.gr\/shop\/?post_type=product&#038;p=10261"},"modified":"2024-01-30T19:14:53","modified_gmt":"2024-01-30T17:14:53","slug":"mayhem-de-mysteriis-dom-sathanas-25th-anniversary-version-limited-box-5x-lp-vinyls-book-96-pages","status":"publish","type":"product","link":"https:\/\/alone.gr\/shop\/product\/mayhem-de-mysteriis-dom-sathanas-25th-anniversary-version-limited-box-5x-lp-vinyls-book-96-pages\/","title":{"rendered":"MAYHEM De Mysteriis Dom Sathanas 25th Anniversary version LIMITED BOX 5x LP VINYLs + BOOK 96 pages"},"content":{"rendered":"<p><span style=\"color: #ed1c24;\"><strong>ONLY Pre-Payment Orders<\/strong><\/span><\/p>\n<p><span style=\"color: #ed1c24;\"><strong>NO Reservation &#8211; NO payment on delivery<\/strong><\/span><\/p>\n<p>&nbsp;<\/p>\n<ul>\n<li>DELUXE LIMITED EDITION VINYL BOX SET!!!!<\/li>\n<li>&#8220;De Mysteriis Dom Sathanas&#8221; is often considered to be the most important Black Metal album of all time.<\/li>\n<li>The album was released on Euronymous label \u201cDeathlike Silence Productions\u201d May 24th 1994, marked as &#8220;Anti-Mosh 006&#8221;.<\/li>\n<li>We are proud to honour this timeless album with the release of the 25th Anniversary Box Set with the help and support by long time Mayhem friend Finn H\u00e5kon R\u00f8dland.<\/li>\n<li>The Iconic Album has been remastered for vinyl from the original DAT tapes by Solslottet Studio, with guidance from Pytten himself and approved by Hellhammer.<\/li>\n<li>The cover art and packaging will for the first time be presented as Hellhammer originally envisioned it back in 93\/94, including also the lyric scroll booklet.<\/li>\n<li>Also included are four additional vinyls with stunning artwork consisting of two different rehearsal sessions in Oslo from February and May 1992, taken directly from tapes Euronymous made, the instrumental rough mix from Grieghallen June 1992, and the rough mix with vocals from the tape Attila got after the vocal recordings in April\/May 1993.<\/li>\n<li>The Box Set will include a 96 page book with a series of in depth interviews casting Light and Darkness on the recording process and the glory days of Mayhem making history in the early 90\u2019s.<\/li>\n<li>Liner notes by Finn H\u00e5kon R\u00f8dland, Metalion, Iver Sand\u00f8y of Solslottet studio, and Maniac.<\/li>\n<li>The Box Contains:<br \/>\n&#8211; Original Album &#8220;De Mysteriis Dom Sathanas&#8221;, Remasterered From The Original Dat Tapes<br \/>\n&#8211; A 96 Page Book (See Description)<br \/>\n&#8211; 4 X Bonus Vinyls.<\/li>\n<li>This Box Set will be printed one time exclusively for the number of pre-orders only.<u><\/u><\/li>\n<\/ul>\n<table>\n<tbody>\n<tr>\n<td><strong><u>TRACKLIST<\/u><\/strong><\/p>\n<p>The Original Album Re-mastered From The Original DAT Tapes<br \/>\nSide A<br \/>\n1. Funeral Fog<br \/>\n2. Freezing Moon<br \/>\n3. Cursed In Eternity<br \/>\n4. Pagan Fears<br \/>\nSide B<br \/>\n5. Life Eternal<br \/>\n6. From The Dark Past<br \/>\n7. Buried By Time And Dust<br \/>\n8. De Mysteriis Dom Sathanas<\/p>\n<p>Bonus Vinyl 1<br \/>\nRehearsal Oslo: Skippergata, February 10th, 1992<br \/>\nSide A<br \/>\n1. Buried By Time And Dust<br \/>\n2. Cursed In Eternity<br \/>\n3. Materialized In Stone<br \/>\n4. Life Eternal<br \/>\n(Side B Blank)<\/p>\n<p>Bonus Vinyl 2<br \/>\nStudio Rehearsal Oslo: M\u00f8llergata, May 16th, 1992<br \/>\nSide A<br \/>\n1. Funeral Fog<br \/>\n2. Freezing Moon<br \/>\n3. Pagan Fears<br \/>\n4. Buried In Time<\/p>\n<p>Side B<br \/>\n5. Life Eternal<br \/>\n6. Buried By Time And Dust<br \/>\n7. Cursed In Eternity<br \/>\n8. De Mysteriis Dom Sathanas<\/p>\n<p>Bonus Vinyl 3<br \/>\nInstrumental Rough Mix: Grieghallen, Bergen June 22nd-29th, 1992<br \/>\nSide A<br \/>\n1. Buried By Time And Dust<br \/>\n2. Pagan Fears<br \/>\n3. Freezing Moon<br \/>\n4. Funeral Fog<br \/>\nSide B<br \/>\n5. Life Eternal<br \/>\n6. From The Dark Past<br \/>\n7. Cursed In Eternity<br \/>\n8. De Mysteriis Dom Sathanas<\/td>\n<\/tr>\n<\/tbody>\n<\/table>\n<p>Bonus Vinyl 4<br \/>\nVocal Session, Grieghallen,Bergen April 30th- May 2nd 1993<br \/>\nSide A<br \/>\n1. Cursed In Eternity<br \/>\n2. Pagan Fears<br \/>\n3. Freezing Moon<br \/>\nSide B<br \/>\n4. Funeral Fog<br \/>\n5. Life Eternal<\/p>\n","protected":false},"excerpt":{"rendered":"<p><span style=\"color: #ed1c24;\"><strong>ONLY Pre-Payment Orders<\/strong><\/span><\/p>\n<p><span style=\"color: #ed1c24;\"><strong>NO Reservation &#8211; NO payment on delivery<\/strong><\/span><\/p>\n","protected":false},"featured_media":10263,"template":"","meta":[],"product_brand":[],"product_cat":[74,56],"product_tag":[],"class_list":{"0":"post-10261","1":"product","2":"type-product","3":"status-publish","4":"has-post-thumbnail","6":"product_cat-boxset","7":"product_cat-vinyls","9":"first","10":"instock","11":"taxable","12":"shipping-taxable","13":"purchasable","14":"product-type-simple"},"jetpack_sharing_enabled":true,"_links":{"self":[{"href":"https:\/\/alone.gr\/shop\/wp-json\/wp\/v2\/product\/10261","targetHints":{"allow":["GET"]}}],"collection":[{"href":"https:\/\/alone.gr\/shop\/wp-json\/wp\/v2\/product"}],"about":[{"href":"https:\/\/alone.gr\/shop\/wp-json\/wp\/v2\/types\/product"}],"wp:featuredmedia":[{"embeddable":true,"href":"https:\/\/alone.gr\/shop\/wp-json\/wp\/v2\/media\/10263"}],"wp:attachment":[{"href":"https:\/\/alone.gr\/shop\/wp-json\/wp\/v2\/media?parent=10261"}],"wp:term":[{"taxonomy":"product_brand","embeddable":true,"href":"https:\/\/alone.gr\/shop\/wp-json\/wp\/v2\/product_brand?post=10261"},{"taxonomy":"product_cat","embeddable":true,"href":"https:\/\/alone.gr\/shop\/wp-json\/wp\/v2\/product_cat?post=10261"},{"taxonomy":"product_tag","embeddable":true,"href":"https:\/\/alone.gr\/shop\/wp-json\/wp\/v2\/product_tag?post=10261"}],"curies":[{"name":"wp","href":"https:\/\/api.w.org\/{rel}","templated":true}]}}