{"id":37134,"date":"2024-10-31T15:46:45","date_gmt":"2024-10-31T13:46:45","guid":{"rendered":"https:\/\/alone.gr\/shop\/?post_type=product&#038;p=37134"},"modified":"2025-01-03T09:45:32","modified_gmt":"2025-01-03T07:45:32","slug":"thy-katafalque-xii-a-gyonyoru-almok-ezutan-jonnek-lp-yellow-black-marbled-vinyl","status":"publish","type":"product","link":"https:\/\/alone.gr\/shop\/product\/thy-katafalque-xii-a-gyonyoru-almok-ezutan-jonnek-lp-yellow-black-marbled-vinyl\/","title":{"rendered":"THY CATAFALQUE XII: A gy\u00f6ny\u00f6r\u00fc \u00e1lmok ezut\u00e1n j\u00f6nnek LP YELLOW BLACK MARBLED VINYL"},"content":{"rendered":"","protected":false},"excerpt":{"rendered":"<p><span style=\"color: #ff0000;\"><strong>ONLY pre-payment orders<\/strong><\/span><\/p>\n<p><span style=\"color: #ff0000;\"><strong>NO Reservations<\/strong><\/span><\/p>\n<p><span style=\"color: #ff0000;\"><strong>NO Cash on Delivery<\/strong><\/span><\/p>\n","protected":false},"featured_media":37131,"template":"","meta":[],"product_brand":[],"product_cat":[73,56],"product_tag":[],"class_list":{"0":"post-37134","1":"product","2":"type-product","3":"status-publish","4":"has-post-thumbnail","6":"product_cat-preorders","7":"product_cat-vinyls","9":"first","10":"outofstock","11":"taxable","12":"shipping-taxable","13":"purchasable","14":"product-type-simple"},"jetpack_sharing_enabled":true,"_links":{"self":[{"href":"https:\/\/alone.gr\/shop\/wp-json\/wp\/v2\/product\/37134","targetHints":{"allow":["GET"]}}],"collection":[{"href":"https:\/\/alone.gr\/shop\/wp-json\/wp\/v2\/product"}],"about":[{"href":"https:\/\/alone.gr\/shop\/wp-json\/wp\/v2\/types\/product"}],"wp:featuredmedia":[{"embeddable":true,"href":"https:\/\/alone.gr\/shop\/wp-json\/wp\/v2\/media\/37131"}],"wp:attachment":[{"href":"https:\/\/alone.gr\/shop\/wp-json\/wp\/v2\/media?parent=37134"}],"wp:term":[{"taxonomy":"product_brand","embeddable":true,"href":"https:\/\/alone.gr\/shop\/wp-json\/wp\/v2\/product_brand?post=37134"},{"taxonomy":"product_cat","embeddable":true,"href":"https:\/\/alone.gr\/shop\/wp-json\/wp\/v2\/product_cat?post=37134"},{"taxonomy":"product_tag","embeddable":true,"href":"https:\/\/alone.gr\/shop\/wp-json\/wp\/v2\/product_tag?post=37134"}],"curies":[{"name":"wp","href":"https:\/\/api.w.org\/{rel}","templated":true}]}}